{"id":7,"date":"2026-03-26T13:14:23","date_gmt":"2026-03-26T13:14:23","guid":{"rendered":"https:\/\/postpolio.dk\/?page_id=7"},"modified":"2026-03-28T13:05:04","modified_gmt":"2026-03-28T13:05:04","slug":"home","status":"publish","type":"page","link":"https:\/\/postpolio.dk\/","title":{"rendered":"Postpolio Sagen"},"content":{"rendered":"\t\t<div data-elementor-type=\"wp-page\" data-elementor-id=\"7\" class=\"elementor elementor-7\">\n\t\t\t\t<div class=\"elementor-element elementor-element-d317956 e-grid e-con-boxed e-con e-parent\" data-id=\"d317956\" data-element_type=\"container\" data-e-type=\"container\">\n\t\t\t\t\t<div class=\"e-con-inner\">\n\t\t\t\t<div class=\"elementor-element elementor-element-5eb1f22 elementor-widget elementor-widget-text-editor\" data-id=\"5eb1f22\" data-element_type=\"widget\" data-e-type=\"widget\" data-widget_type=\"text-editor.default\">\n\t\t\t\t\t\t\t\t\t<ul><li class=\"western\"><a href=\"https:\/\/postpolio.dk\/?page_id=72\"><span lang=\"da-DK\">Hvad er Post-Polio Syndrom<\/span><\/a><\/li><li><p class=\"western\" align=\"left\"><a href=\"https:\/\/postpolio.dk\/?page_id=144\"><span lang=\"da-DK\">Polio og an\u00e6stesi<\/span><\/a><\/p><\/li><li><p class=\"western\" align=\"left\"><a href=\"https:\/\/postpolio.dk\/?page_id=149\"><span lang=\"da-DK\">Post-Polio Syndrom og smerter<\/span><\/a><\/p><\/li><li><p class=\"western\" align=\"left\"><a href=\"https:\/\/postpolio.dk\/?page_id=149\"><span lang=\"da-DK\">Post-Polio Syndrom og medicin<\/span><\/a><\/p><\/li><\/ul>\t\t\t\t\t\t\t\t<\/div>\n\t\t\t\t<div class=\"elementor-element elementor-element-f174f25 elementor-widget elementor-widget-text-editor\" data-id=\"f174f25\" data-element_type=\"widget\" data-e-type=\"widget\" data-widget_type=\"text-editor.default\">\n\t\t\t\t\t\t\t\t\t<ul><li class=\"western\"><span style=\"font-size: small;\"><span lang=\"da-DK\">Aktiviteter og tr\u00e6ning n\u00e5r man har Post-Polio Syndrom<\/span><\/span><\/li><li><p class=\"western\" align=\"left\"><span style=\"font-size: small;\"><span lang=\"da-DK\">Polio og knoglesk\u00f8rhed<\/span><\/span><\/p><\/li><li><p class=\"western\" align=\"left\"><span style=\"font-size: small;\"><span lang=\"da-DK\">Polio og vejrtr\u00e6knings problemer<\/span><\/span><\/p><\/li><li><p class=\"western\" align=\"left\"><span style=\"font-size: small;\"><span lang=\"da-DK\">Polio og kolesterol behandling<\/span><\/span><\/p><\/li><\/ul>\t\t\t\t\t\t\t\t<\/div>\n\t\t\t\t\t<\/div>\n\t\t\t\t<\/div>\n\t\t\t\t<\/div>\n\t\t","protected":false},"excerpt":{"rendered":"<p>Hvad er Post-Polio Syndrom Polio og an\u00e6stesi Post-Polio Syndrom og smerter Post-Polio Syndrom og medicin Aktiviteter og tr\u00e6ning n\u00e5r man har Post-Polio Syndrom Polio og knoglesk\u00f8rhed Polio og vejrtr\u00e6knings problemer Polio og kolesterol behandling<\/p>\n","protected":false},"author":1,"featured_media":0,"parent":0,"menu_order":0,"comment_status":"closed","ping_status":"closed","template":"","meta":{"solace_meta_sidebar":"","solace_meta_container":"","solace_meta_enable_content_width":"","solace_meta_content_width":0,"solace_meta_title_alignment":"","solace_meta_author_avatar":"","solace_post_elements_order":"","solace_meta_disable_header":"","solace_meta_disable_footer":"","solace_meta_disable_title":"","footnotes":""},"class_list":["post-7","page","type-page","status-publish","hentry"],"_links":{"self":[{"href":"https:\/\/postpolio.dk\/index.php?rest_route=\/wp\/v2\/pages\/7","targetHints":{"allow":["GET"]}}],"collection":[{"href":"https:\/\/postpolio.dk\/index.php?rest_route=\/wp\/v2\/pages"}],"about":[{"href":"https:\/\/postpolio.dk\/index.php?rest_route=\/wp\/v2\/types\/page"}],"author":[{"embeddable":true,"href":"https:\/\/postpolio.dk\/index.php?rest_route=\/wp\/v2\/users\/1"}],"replies":[{"embeddable":true,"href":"https:\/\/postpolio.dk\/index.php?rest_route=%2Fwp%2Fv2%2Fcomments&post=7"}],"version-history":[{"count":39,"href":"https:\/\/postpolio.dk\/index.php?rest_route=\/wp\/v2\/pages\/7\/revisions"}],"predecessor-version":[{"id":193,"href":"https:\/\/postpolio.dk\/index.php?rest_route=\/wp\/v2\/pages\/7\/revisions\/193"}],"wp:attachment":[{"href":"https:\/\/postpolio.dk\/index.php?rest_route=%2Fwp%2Fv2%2Fmedia&parent=7"}],"curies":[{"name":"wp","href":"https:\/\/api.w.org\/{rel}","templated":true}]}}